{"id":12079,"date":"2026-02-16T23:13:05","date_gmt":"2026-02-16T19:13:05","guid":{"rendered":"https:\/\/zoostandart.ge\/?post_type=product&#038;p=12079"},"modified":"2026-02-17T00:59:12","modified_gmt":"2026-02-16T20:59:12","slug":"lechat-excellence-pate-sac","status":"publish","type":"product","link":"https:\/\/zoostandart.ge\/en\/product\/lechat-excellence-pate-sac\/","title":{"rendered":"Lechat Excellence \u2013 P\u00e2t\u00e9 with beef slices 100 g"},"content":{"rendered":"<p>MONGE \/ LeChat Fresh Adult Pat\u00e9 and Chunkies with Beef<br \/>\nLeChat Fresh Adult Pat\u00e9 and Chunkies with Beef is a complete food made with fresh raw meat, combining a creamy steamed p\u00e2t\u00e9 with flavored oven-cooked meat chunks. Specially formulated to provide your cat with a balanced diet with the addition of vitamins A-D3-E. Contains no added colorings, preservatives or sugar. Made in Italy. LeChat Fresh is a product line designed to offer your cat only the best. A food line created with high-quality ingredients, selected to meet the nutritional needs of your pet.<\/p>","protected":false},"excerpt":{"rendered":"<p>MONGE \/ LeChat Fresh Adult Pat\u00e9 and Chunkies with Beef LeChat Fresh Adult Pat\u00e9 and Chunkies \u10e1\u10d0\u10e5\u10dd\u10dc\u10da\u10d8\u10e1 \u10ee\u10dd\u10e0\u10ea\u10d8\u10d7 \u10d0\u10e0\u10d8\u10e1 \u10e1\u10e0\u10e3\u10da\u10e4\u10d0\u10e1\u10dd\u10d5\u10d0\u10dc\u10d8 \u10e1\u10d0\u10d9\u10d5\u10d4\u10d1\u10d8, \u10e0\u10dd\u10db\u10d4\u10da\u10d8\u10ea \u10d3\u10d0\u10db\u10d6\u10d0\u10d3\u10d4\u10d1\u10e3\u10da\u10d8\u10d0 \u10d0\u10ee\u10d0\u10da\u10d8 \u10dc\u10d4\u10d3\u10da\u10d8 \u10ee\u10dd\u10e0\u10ea\u10d8\u10d7, \u10d8\u10d2\u10d8 \u10d0\u10d4\u10e0\u10d7\u10d8\u10d0\u10dc\u10d4\u10d1\u10e1 \u10d9\u10e0\u10d4\u10db\u10d8\u10e1\u10d4\u10d1\u10e0 \u10dd\u10e0\u10d7\u10e5\u10da\u10d6\u10d4 \u10db\u10dd\u10db\u10d6\u10d0\u10d3\u10d4\u10d1\u10e3\u10da \u10de\u10d0\u10e8\u10e2\u10d4\u10e2\u10e1 \u10d0\u10e0\u10dd\u10db\u10d0\u10e2\u10d8\u10d6\u10d4\u10d1\u10e3\u10da \u10e6\u10e3\u10db\u10d4\u10da\u10e8\u10d8 \u10db\u10dd\u10ee\u10d0\u10e0\u10e8\u10e3\u10da \u10ee\u10dd\u10e0\u10ea\u10d8\u10e1 \u10dc\u10d0\u10ed\u10e0\u10d4\u10d1\u10d7\u10d0\u10dc. \u10e1\u10de\u10d4\u10ea\u10d8\u10d0\u10da\u10e3\u10e0\u10d0\u10d3 \u10e8\u10d4\u10e5\u10db\u10dc\u10d8\u10da\u10d8\u10d0 \u10d8\u10db\u10d8\u10e1\u10d0\u10d7\u10d5\u10d8\u10e1, \u10e0\u10dd\u10db \u10d7\u10e5\u10d5\u10d4\u10dc\u10e1 \u10d9\u10d0\u10e2\u10d4\u10d1\u10e1 \u10e3\u10d6\u10e0\u10e3\u10dc\u10d5\u10d4\u10da\u10e7\u10dd\u10d7 \u10d3\u10d0\u10d1\u10d0\u10da\u10d0\u10dc\u10e1\u10d4\u10d1\u10e3\u10da\u10d8 \u10d9\u10d5\u10d4\u10d1\u10d8\u10d7 A-D3-E \u10d5\u10d8\u10e2\u10d0\u10db\u10d8\u10dc\u10d4\u10d1\u10d8\u10e1 \u10d3\u10d0\u10db\u10d0\u10e2\u10d4\u10d1\u10d8\u10d7. \u10d0\u10e0 \u10e8\u10d4\u10d8\u10ea\u10d0\u10d5\u10e1 \u10d3\u10d0\u10db\u10d0\u10e2\u10d4\u10d1\u10e3\u10da \u10e1\u10d0\u10e6\u10d4\u10d1\u10d0\u10d5\u10d4\u10d1\u10e1, \u10d9\u10dd\u10dc\u10e1\u10d4\u10e0\u10d5\u10d0\u10dc\u10e2\u10d4\u10d1\u10e1 \u10d0\u10dc [&hellip;]<\/p>","protected":false},"featured_media":12121,"template":"","meta":[],"product_brand":[826],"product_cat":[367,419],"product_tag":[],"class_list":{"0":"post-12079","1":"product","2":"type-product","3":"status-publish","4":"has-post-thumbnail","6":"product_brand-lechat-excellence","7":"product_cat-cat","8":"product_cat-cat-food","9":"pa_kata-sakvebi-asaki-zrdasruli","10":"pa_kata-sakvebi-brendi-lechat-fresh","11":"pa_kata-sakvebi-brendi-monge","12":"pa_kata-sakvebi-danishnuleba-indori","13":"pa_kata-sakvebi-danishnuleba-superpremiumi","14":"pa_kata-sakvebi-gemo-saqoneli","15":"pa_kata-sakvebi-tipi-sveli","17":"first","18":"instock","19":"shipping-taxable","20":"purchasable","21":"product-type-simple"},"_links":{"self":[{"href":"https:\/\/zoostandart.ge\/en\/wp-json\/wp\/v2\/product\/12079","targetHints":{"allow":["GET"]}}],"collection":[{"href":"https:\/\/zoostandart.ge\/en\/wp-json\/wp\/v2\/product"}],"about":[{"href":"https:\/\/zoostandart.ge\/en\/wp-json\/wp\/v2\/types\/product"}],"wp:featuredmedia":[{"embeddable":true,"href":"https:\/\/zoostandart.ge\/en\/wp-json\/wp\/v2\/media\/12121"}],"wp:attachment":[{"href":"https:\/\/zoostandart.ge\/en\/wp-json\/wp\/v2\/media?parent=12079"}],"wp:term":[{"taxonomy":"product_brand","embeddable":true,"href":"https:\/\/zoostandart.ge\/en\/wp-json\/wp\/v2\/product_brand?post=12079"},{"taxonomy":"product_cat","embeddable":true,"href":"https:\/\/zoostandart.ge\/en\/wp-json\/wp\/v2\/product_cat?post=12079"},{"taxonomy":"product_tag","embeddable":true,"href":"https:\/\/zoostandart.ge\/en\/wp-json\/wp\/v2\/product_tag?post=12079"}],"curies":[{"name":"wp","href":"https:\/\/api.w.org\/{rel}","templated":true}]}}